{"id":6738,"date":"2025-06-13T03:41:07","date_gmt":"2025-06-13T03:41:07","guid":{"rendered":"https:\/\/gzusedstageleddisplay.com\/?post_type=product&#038;p=6738"},"modified":"2025-06-13T03:41:08","modified_gmt":"2025-06-13T03:41:08","slug":"used-vanish-series-3-91-outdoor-transparent-screen","status":"publish","type":"product","link":"https:\/\/gzusedstageleddisplay.com\/de\/produkt\/used-vanish-series-3-91-outdoor-transparent-screen\/","title":{"rendered":"Used Vanish Series 3.91 Outdoor Transparent Screen"},"content":{"rendered":"<p>Used Vanish Series 3.91 Outdoor Transparent Screen<br \/>\nPossible arc of \u00b115\u00b0; supports 90\u00b0 splicing; indoor rental and fixed installation, hoisting; high brightness under black light; high transparency; ultra-light and ultra-thin; strong wind resistance, can withstand gale force above level 8; LED nano-coating protection; mask design to solve the problem of uneven PCB ink color; integrated back cover design.<\/p>\n<p>&nbsp;<\/p>\n<div class=\"product-specs-table\">\n<table class=\"specs-table\">\n<tbody>\n<tr>\n<th>Model<\/th>\n<td>VA3.91-7.81<\/td>\n<\/tr>\n<tr>\n<th>Pixel Pitch<\/th>\n<td>H:3.91mm \/ V:7.81mm<\/td>\n<\/tr>\n<tr>\n<th>LED Type<\/th>\n<td>SMD1921<\/td>\n<\/tr>\n<tr>\n<th>Pixel Density<\/th>\n<td>32,768 pixels\/m\u00b2<\/td>\n<\/tr>\n<tr>\n<th>Brightness<\/th>\n<td>2000-2500 nits<\/td>\n<\/tr>\n<tr>\n<th>Color Temperature<\/th>\n<td>6500-9500K<\/td>\n<\/tr>\n<tr>\n<th>Scan Mode<\/th>\n<td>1\/16 scan<\/td>\n<\/tr>\n<tr>\n<th>Cabinet Size (W\u00d7H\u00d7D)<\/th>\n<td>1000\u00d7500\u00d778mm (39.4&#8243;\u00d719.7&#8243;\u00d73.07&#8243;)<\/td>\n<\/tr>\n<tr>\n<th>Cabinet Resolution<\/th>\n<td>256\u00d764 pixels<\/td>\n<\/tr>\n<tr>\n<th>Transmittance<\/th>\n<td>35%<\/td>\n<\/tr>\n<tr>\n<th>Cabinet Weight<\/th>\n<td>8.2kg \u00b110%<\/td>\n<\/tr>\n<tr>\n<th>Cabinet Material<\/th>\n<td>Die casting aluminum<\/td>\n<\/tr>\n<tr>\n<th>Max Power Consumption<\/th>\n<td>360W\/m\u00b2<\/td>\n<\/tr>\n<tr>\n<th>Average Power Consumption<\/th>\n<td>120W\/m\u00b2<\/td>\n<\/tr>\n<tr>\n<th>Viewing Angle<\/th>\n<td>H:160\u00b0 \/ V:140\u00b0<\/td>\n<\/tr>\n<tr>\n<th>Refresh Rate<\/th>\n<td>1920Hz<\/td>\n<\/tr>\n<tr>\n<th>Gray Scale<\/th>\n<td>14-16bit<\/td>\n<\/tr>\n<tr>\n<th>IP Rating<\/th>\n<td>IP65<\/td>\n<\/tr>\n<tr>\n<th>Protection Technology<\/th>\n<td>Potting process + front\/rear protection<\/td>\n<\/tr>\n<tr>\n<th>Operating Humidity<\/th>\n<td>10%-60% RH<\/td>\n<\/tr>\n<tr>\n<th>Operating Temperature<\/th>\n<td>-20\u2103 ~ +40\u2103<\/td>\n<\/tr>\n<tr>\n<th>Max Stack Installation<\/th>\n<td>15 units<\/td>\n<\/tr>\n<tr>\n<th>Max Hanging Installation<\/th>\n<td>15 units<\/td>\n<\/tr>\n<tr>\n<th>Lifespan<\/th>\n<td>50,000 hours<\/td>\n<\/tr>\n<tr>\n<th>Curvature Range<\/th>\n<td>\u00b110\u00b0<\/td>\n<\/tr>\n<tr>\n<th>Storage Temp\/Humidity<\/th>\n<td>-40\u2103~+60\u2103 \/ 10%-60% RH<\/td>\n<\/tr>\n<\/tbody>\n<\/table>\n<\/div>\n<style>\n.specs-table {<br \/>\n  width: 100%;<br \/>\n  border-collapse: collapse;<br \/>\n  font-family: Arial, sans-serif;<br \/>\n  margin: 20px 0;<br \/>\n  box-shadow: 0 2px 5px rgba(0,0,0,0.1);<br \/>\n}<br \/>\n.specs-table th,<br \/>\n.specs-table td {<br \/>\n  padding: 12px 15px;<br \/>\n  text-align: left;<br \/>\n  border-bottom: 1px solid #e0e0e0;<br \/>\n}<br \/>\n.specs-table th {<br \/>\n  background-color: #f8f9fa;<br \/>\n  font-weight: 600;<br \/>\n  width: 35%;<br \/>\n  color: #2c3e50;<br \/>\n}<br \/>\n.specs-table tr:hover {<br \/>\n  background-color: #f5f7fa;<br \/>\n}<br \/>\n\/* \u54cd\u5e94\u5f0f\u8bbe\u8ba1 *\/<br \/>\n@media (max-width: 768px) {<br \/>\n  .specs-table {<br \/>\n    display: block;<br \/>\n  }<br \/>\n  .specs-table tbody {<br \/>\n    display: block;<br \/>\n  }<br \/>\n  .specs-table tr {<br \/>\n    display: block;<br \/>\n    margin-bottom: 10px;<br \/>\n    border-bottom: 2px solid #e0e0e0;<br \/>\n  }<br \/>\n  .specs-table th,<br \/>\n  .specs-table td {<br \/>\n    display: block;<br \/>\n    width: 100% !important;<br \/>\n    box-sizing: border-box;<br \/>\n  }<br \/>\n  .specs-table th {<br \/>\n    background-color: #eef2f7;<br \/>\n    border-bottom: none;<br \/>\n  }<br \/>\n}<br \/>\n<\/style>\n<div id='gallery-1' class='gallery galleryid-6738 gallery-columns-4 gallery-size-thumbnail'><figure class='gallery-item'>\n\t\t\t<div class='gallery-icon portrait'>\n\t\t\t\t<a href='https:\/\/gzusedstageleddisplay.com\/de\/?attachment_id=6744'><img loading=\"lazy\" decoding=\"async\" width=\"150\" height=\"150\" src=\"https:\/\/gzusedstageleddisplay.com\/wp-content\/uploads\/2025\/06\/\u5fae\u4fe1\u56fe\u7247_20250528175546-150x150.webp\" class=\"attachment-thumbnail size-thumbnail\" alt=\"Used Vanish Series 3.91 Outdoor Transparent Screen\" srcset=\"https:\/\/gzusedstageleddisplay.com\/wp-content\/uploads\/2025\/06\/\u5fae\u4fe1\u56fe\u7247_20250528175546-150x150.webp 150w, https:\/\/gzusedstageleddisplay.com\/wp-content\/uploads\/2025\/06\/\u5fae\u4fe1\u56fe\u7247_20250528175546-100x100.webp 100w\" sizes=\"auto, (max-width: 150px) 100vw, 150px\" \/><\/a>\n\t\t\t<\/div><\/figure><figure class='gallery-item'>\n\t\t\t<div class='gallery-icon portrait'>\n\t\t\t\t<a href='https:\/\/gzusedstageleddisplay.com\/de\/?attachment_id=6745'><img loading=\"lazy\" decoding=\"async\" width=\"150\" height=\"150\" src=\"https:\/\/gzusedstageleddisplay.com\/wp-content\/uploads\/2025\/06\/\u5fae\u4fe1\u56fe\u7247_20250528175550-150x150.webp\" class=\"attachment-thumbnail size-thumbnail\" alt=\"\" srcset=\"https:\/\/gzusedstageleddisplay.com\/wp-content\/uploads\/2025\/06\/\u5fae\u4fe1\u56fe\u7247_20250528175550-150x150.webp 150w, https:\/\/gzusedstageleddisplay.com\/wp-content\/uploads\/2025\/06\/\u5fae\u4fe1\u56fe\u7247_20250528175550-100x100.webp 100w\" sizes=\"auto, (max-width: 150px) 100vw, 150px\" \/><\/a>\n\t\t\t<\/div><\/figure><figure class='gallery-item'>\n\t\t\t<div class='gallery-icon portrait'>\n\t\t\t\t<a href='https:\/\/gzusedstageleddisplay.com\/de\/?attachment_id=6746'><img loading=\"lazy\" decoding=\"async\" width=\"150\" height=\"150\" src=\"https:\/\/gzusedstageleddisplay.com\/wp-content\/uploads\/2025\/06\/\u5fae\u4fe1\u56fe\u7247_20250528175600-150x150.webp\" class=\"attachment-thumbnail size-thumbnail\" alt=\"\" srcset=\"https:\/\/gzusedstageleddisplay.com\/wp-content\/uploads\/2025\/06\/\u5fae\u4fe1\u56fe\u7247_20250528175600-150x150.webp 150w, https:\/\/gzusedstageleddisplay.com\/wp-content\/uploads\/2025\/06\/\u5fae\u4fe1\u56fe\u7247_20250528175600-100x100.webp 100w\" sizes=\"auto, (max-width: 150px) 100vw, 150px\" \/><\/a>\n\t\t\t<\/div><\/figure><figure class='gallery-item'>\n\t\t\t<div class='gallery-icon portrait'>\n\t\t\t\t<a href='https:\/\/gzusedstageleddisplay.com\/de\/?attachment_id=6747'><img loading=\"lazy\" decoding=\"async\" width=\"150\" height=\"150\" src=\"https:\/\/gzusedstageleddisplay.com\/wp-content\/uploads\/2025\/06\/\u5fae\u4fe1\u56fe\u7247_20250528175602-150x150.webp\" class=\"attachment-thumbnail size-thumbnail\" alt=\"\" srcset=\"https:\/\/gzusedstageleddisplay.com\/wp-content\/uploads\/2025\/06\/\u5fae\u4fe1\u56fe\u7247_20250528175602-150x150.webp 150w, https:\/\/gzusedstageleddisplay.com\/wp-content\/uploads\/2025\/06\/\u5fae\u4fe1\u56fe\u7247_20250528175602-100x100.webp 100w\" sizes=\"auto, (max-width: 150px) 100vw, 150px\" \/><\/a>\n\t\t\t<\/div><\/figure>\n\t\t<\/div>","protected":false},"excerpt":{"rendered":"<p>Possible arc of \u00b115\u00b0; supports 90\u00b0 splicing; indoor rental and fixed installation, hoisting; high brightness under black light; high transparency; ultra-light and ultra-thin; strong wind resistance, can withstand gale force above level 8; LED nano-coating protection; mask design to solve the problem of uneven PCB ink color; integrated back cover design.<\/p>","protected":false},"featured_media":6743,"template":"","meta":{"_surecart_dashboard_logo_width":"180px","_surecart_dashboard_show_logo":true,"_surecart_dashboard_navigation_orders":true,"_surecart_dashboard_navigation_invoices":true,"_surecart_dashboard_navigation_subscriptions":true,"_surecart_dashboard_navigation_downloads":true,"_surecart_dashboard_navigation_billing":true,"_surecart_dashboard_navigation_account":true,"_uag_custom_page_level_css":"","site-sidebar-layout":"default","site-content-layout":"","ast-site-content-layout":"default","site-content-style":"default","site-sidebar-style":"default","ast-global-header-display":"","ast-banner-title-visibility":"","ast-main-header-display":"","ast-hfb-above-header-display":"","ast-hfb-below-header-display":"","ast-hfb-mobile-header-display":"","site-post-title":"","ast-breadcrumbs-content":"","ast-featured-img":"","footer-sml-layout":"","theme-transparent-header-meta":"default","adv-header-id-meta":"","stick-header-meta":"default","header-above-stick-meta":"","header-main-stick-meta":"","header-below-stick-meta":"","astra-migrate-meta-layouts":"set","ast-page-background-enabled":"default","ast-page-background-meta":{"desktop":{"background-color":"","background-image":"","background-repeat":"repeat","background-position":"center center","background-size":"auto","background-attachment":"scroll","background-type":"","background-media":"","overlay-type":"","overlay-color":"","overlay-opacity":"","overlay-gradient":""},"tablet":{"background-color":"","background-image":"","background-repeat":"repeat","background-position":"center center","background-size":"auto","background-attachment":"scroll","background-type":"","background-media":"","overlay-type":"","overlay-color":"","overlay-opacity":"","overlay-gradient":""},"mobile":{"background-color":"","background-image":"","background-repeat":"repeat","background-position":"center center","background-size":"auto","background-attachment":"scroll","background-type":"","background-media":"","overlay-type":"","overlay-color":"","overlay-opacity":"","overlay-gradient":""}},"ast-content-background-meta":{"desktop":{"background-color":"var(--ast-global-color-5)","background-image":"","background-repeat":"repeat","background-position":"center center","background-size":"auto","background-attachment":"scroll","background-type":"","background-media":"","overlay-type":"","overlay-color":"","overlay-opacity":"","overlay-gradient":""},"tablet":{"background-color":"var(--ast-global-color-5)","background-image":"","background-repeat":"repeat","background-position":"center center","background-size":"auto","background-attachment":"scroll","background-type":"","background-media":"","overlay-type":"","overlay-color":"","overlay-opacity":"","overlay-gradient":""},"mobile":{"background-color":"var(--ast-global-color-5)","background-image":"","background-repeat":"repeat","background-position":"center center","background-size":"auto","background-attachment":"scroll","background-type":"","background-media":"","overlay-type":"","overlay-color":"","overlay-opacity":"","overlay-gradient":""}}},"product_brand":[],"product_cat":[41,51,23],"product_tag":[],"class_list":{"0":"post-6738","1":"product","2":"type-product","3":"status-publish","4":"has-post-thumbnail","6":"product_cat-products","7":"product_cat-gloshine-series-used-screen","8":"product_cat-used-stage-led-wall","9":"desktop-align-center","10":"tablet-align-left","11":"mobile-align-left","12":"ast-product-gallery-layout-horizontal-slider","13":"ast-product-tabs-layout-horizontal","14":"ast-qv-on-image","16":"first","17":"instock","18":"shipping-taxable","19":"product-type-simple"},"uagb_featured_image_src":{"full":["https:\/\/gzusedstageleddisplay.com\/wp-content\/uploads\/2025\/06\/\u5149\u7965Vanish\u7cfb\u52173.91\u6237\u5916\u900f\u660e\u5c4f.webp",700,700,false],"thumbnail":["https:\/\/gzusedstageleddisplay.com\/wp-content\/uploads\/2025\/06\/\u5149\u7965Vanish\u7cfb\u52173.91\u6237\u5916\u900f\u660e\u5c4f-150x150.webp",150,150,true],"medium":["https:\/\/gzusedstageleddisplay.com\/wp-content\/uploads\/2025\/06\/\u5149\u7965Vanish\u7cfb\u52173.91\u6237\u5916\u900f\u660e\u5c4f-300x300.webp",300,300,true],"medium_large":["https:\/\/gzusedstageleddisplay.com\/wp-content\/uploads\/2025\/06\/\u5149\u7965Vanish\u7cfb\u52173.91\u6237\u5916\u900f\u660e\u5c4f.webp",700,700,false],"large":["https:\/\/gzusedstageleddisplay.com\/wp-content\/uploads\/2025\/06\/\u5149\u7965Vanish\u7cfb\u52173.91\u6237\u5916\u900f\u660e\u5c4f.webp",700,700,false],"1536x1536":["https:\/\/gzusedstageleddisplay.com\/wp-content\/uploads\/2025\/06\/\u5149\u7965Vanish\u7cfb\u52173.91\u6237\u5916\u900f\u660e\u5c4f.webp",700,700,false],"2048x2048":["https:\/\/gzusedstageleddisplay.com\/wp-content\/uploads\/2025\/06\/\u5149\u7965Vanish\u7cfb\u52173.91\u6237\u5916\u900f\u660e\u5c4f.webp",700,700,false],"trp-custom-language-flag":["https:\/\/gzusedstageleddisplay.com\/wp-content\/uploads\/2025\/06\/\u5149\u7965Vanish\u7cfb\u52173.91\u6237\u5916\u900f\u660e\u5c4f-12x12.webp",12,12,true],"woocommerce_thumbnail":["https:\/\/gzusedstageleddisplay.com\/wp-content\/uploads\/2025\/06\/\u5149\u7965Vanish\u7cfb\u52173.91\u6237\u5916\u900f\u660e\u5c4f-400x400.webp",400,400,true],"woocommerce_single":["https:\/\/gzusedstageleddisplay.com\/wp-content\/uploads\/2025\/06\/\u5149\u7965Vanish\u7cfb\u52173.91\u6237\u5916\u900f\u660e\u5c4f.webp",700,700,false],"woocommerce_gallery_thumbnail":["https:\/\/gzusedstageleddisplay.com\/wp-content\/uploads\/2025\/06\/\u5149\u7965Vanish\u7cfb\u52173.91\u6237\u5916\u900f\u660e\u5c4f-100x100.webp",100,100,true]},"uagb_author_info":{"display_name":"kerwinliao33@gmail.com","author_link":"https:\/\/gzusedstageleddisplay.com\/de\/author\/"},"uagb_comment_info":0,"uagb_excerpt":"Possible arc of \u00b115\u00b0; supports 90\u00b0 splicing; indoor rental and fixed installation, hoisting; high brightness under black light; high transparency; ultra-light and ultra-thin; strong wind resistance, can withstand gale force above level 8; LED nano-coating protection; mask design to solve the problem of uneven PCB ink color; integrated back cover design.","_links":{"self":[{"href":"https:\/\/gzusedstageleddisplay.com\/de\/wp-json\/wp\/v2\/product\/6738","targetHints":{"allow":["GET"]}}],"collection":[{"href":"https:\/\/gzusedstageleddisplay.com\/de\/wp-json\/wp\/v2\/product"}],"about":[{"href":"https:\/\/gzusedstageleddisplay.com\/de\/wp-json\/wp\/v2\/types\/product"}],"version-history":[{"count":0,"href":"https:\/\/gzusedstageleddisplay.com\/de\/wp-json\/wp\/v2\/product\/6738\/revisions"}],"wp:featuredmedia":[{"embeddable":true,"href":"https:\/\/gzusedstageleddisplay.com\/de\/wp-json\/wp\/v2\/media\/6743"}],"wp:attachment":[{"href":"https:\/\/gzusedstageleddisplay.com\/de\/wp-json\/wp\/v2\/media?parent=6738"}],"wp:term":[{"taxonomy":"product_brand","embeddable":true,"href":"https:\/\/gzusedstageleddisplay.com\/de\/wp-json\/wp\/v2\/product_brand?post=6738"},{"taxonomy":"product_cat","embeddable":true,"href":"https:\/\/gzusedstageleddisplay.com\/de\/wp-json\/wp\/v2\/product_cat?post=6738"},{"taxonomy":"product_tag","embeddable":true,"href":"https:\/\/gzusedstageleddisplay.com\/de\/wp-json\/wp\/v2\/product_tag?post=6738"}],"curies":[{"name":"wp","href":"https:\/\/api.w.org\/{rel}","templated":true}]}}